{"id":78,"date":"2024-07-22T18:38:55","date_gmt":"2024-07-22T18:38:55","guid":{"rendered":"https:\/\/nexo.anayansiserra.com\/?page_id=78"},"modified":"2024-07-22T18:40:53","modified_gmt":"2024-07-22T18:40:53","slug":"anayansi-serra","status":"publish","type":"page","link":"https:\/\/nexo.anayansiserra.com\/index.php\/anayansi-serra\/","title":{"rendered":"Anayansi Serra"},"content":{"rendered":"\t\t<div data-elementor-type=\"wp-page\" data-elementor-id=\"78\" class=\"elementor elementor-78\" data-elementor-post-type=\"page\">\n\t\t\t\t<div class=\"elementor-element elementor-element-363b8ed2 e-flex e-con-boxed e-con e-parent\" data-id=\"363b8ed2\" data-element_type=\"container\" data-settings=\"{&quot;background_background&quot;:&quot;classic&quot;}\">\n\t\t\t\t\t<div class=\"e-con-inner\">\n\t\t<div class=\"elementor-element elementor-element-5977ddc6 e-con-full e-flex e-con e-child\" data-id=\"5977ddc6\" data-element_type=\"container\">\n\t\t\t\t<div class=\"elementor-element elementor-element-458f434e elementor-widget elementor-widget-image\" data-id=\"458f434e\" data-element_type=\"widget\" data-widget_type=\"image.default\">\n\t\t\t\t<div class=\"elementor-widget-container\">\n\t\t\t<style>\/*! elementor - v3.23.0 - 15-07-2024 *\/\n.elementor-widget-image{text-align:center}.elementor-widget-image a{display:inline-block}.elementor-widget-image a img[src$=\".svg\"]{width:48px}.elementor-widget-image img{vertical-align:middle;display:inline-block}<\/style>\t\t\t\t\t\t\t\t\t\t<img fetchpriority=\"high\" decoding=\"async\" width=\"758\" height=\"1024\" src=\"https:\/\/nexo.anayansiserra.com\/wp-content\/uploads\/2024\/07\/ana-02-758x1024.png\" class=\"attachment-large size-large wp-image-80\" alt=\"\" srcset=\"https:\/\/nexo.anayansiserra.com\/wp-content\/uploads\/2024\/07\/ana-02-758x1024.png 758w, https:\/\/nexo.anayansiserra.com\/wp-content\/uploads\/2024\/07\/ana-02-222x300.png 222w, https:\/\/nexo.anayansiserra.com\/wp-content\/uploads\/2024\/07\/ana-02-768x1037.png 768w, https:\/\/nexo.anayansiserra.com\/wp-content\/uploads\/2024\/07\/ana-02.png 818w\" sizes=\"(max-width: 758px) 100vw, 758px\" \/>\t\t\t\t\t\t\t\t\t\t\t\t\t<\/div>\n\t\t\t\t<\/div>\n\t\t\t\t<\/div>\n\t\t<div class=\"elementor-element elementor-element-4cf0c2fb e-con-full e-flex e-con e-child\" data-id=\"4cf0c2fb\" data-element_type=\"container\">\n\t\t\t\t<div class=\"elementor-element elementor-element-25765cdd elementor-widget elementor-widget-heading\" data-id=\"25765cdd\" data-element_type=\"widget\" data-widget_type=\"heading.default\">\n\t\t\t\t<div class=\"elementor-widget-container\">\n\t\t\t<style>\/*! elementor - v3.23.0 - 15-07-2024 *\/\n.elementor-heading-title{padding:0;margin:0;line-height:1}.elementor-widget-heading .elementor-heading-title[class*=elementor-size-]>a{color:inherit;font-size:inherit;line-height:inherit}.elementor-widget-heading .elementor-heading-title.elementor-size-small{font-size:15px}.elementor-widget-heading .elementor-heading-title.elementor-size-medium{font-size:19px}.elementor-widget-heading .elementor-heading-title.elementor-size-large{font-size:29px}.elementor-widget-heading .elementor-heading-title.elementor-size-xl{font-size:39px}.elementor-widget-heading .elementor-heading-title.elementor-size-xxl{font-size:59px}<\/style><h2 class=\"elementor-heading-title elementor-size-default\">Anayansi Serra\n<\/h2>\t\t<\/div>\n\t\t\t\t<\/div>\n\t\t\t\t<div class=\"elementor-element elementor-element-91b0b50 elementor-widget elementor-widget-heading\" data-id=\"91b0b50\" data-element_type=\"widget\" data-widget_type=\"heading.default\">\n\t\t\t\t<div class=\"elementor-widget-container\">\n\t\t\t<h2 class=\"elementor-heading-title elementor-size-default\">Coach de Vida y Negocios, Terapeuta Hol\u00edstica y Capacitadora de equipos. Mi trayectoria de 20 a\u00f1os en Comunicaci\u00f3n y Capacitaci\u00f3n me ha brindado las herramientas para abordar estos desaf\u00edos, y estoy aqu\u00ed para compartir contigo soluciones pr\u00e1cticas y efectivas.<\/h2>\t\t<\/div>\n\t\t\t\t<\/div>\n\t\t\t\t<\/div>\n\t\t\t\t\t<\/div>\n\t\t\t\t<\/div>\n\t\t<div class=\"elementor-element elementor-element-411e7f47 e-flex e-con-boxed e-con e-parent\" data-id=\"411e7f47\" data-element_type=\"container\">\n\t\t\t\t\t<div class=\"e-con-inner\">\n\t\t\t\t<div class=\"elementor-element elementor-element-266ca01b elementor-widget elementor-widget-spacer\" data-id=\"266ca01b\" data-element_type=\"widget\" data-widget_type=\"spacer.default\">\n\t\t\t\t<div class=\"elementor-widget-container\">\n\t\t\t<style>\/*! elementor - v3.23.0 - 15-07-2024 *\/\n.elementor-column .elementor-spacer-inner{height:var(--spacer-size)}.e-con{--container-widget-width:100%}.e-con-inner>.elementor-widget-spacer,.e-con>.elementor-widget-spacer{width:var(--container-widget-width,var(--spacer-size));--align-self:var(--container-widget-align-self,initial);--flex-shrink:0}.e-con-inner>.elementor-widget-spacer>.elementor-widget-container,.e-con>.elementor-widget-spacer>.elementor-widget-container{height:100%;width:100%}.e-con-inner>.elementor-widget-spacer>.elementor-widget-container>.elementor-spacer,.e-con>.elementor-widget-spacer>.elementor-widget-container>.elementor-spacer{height:100%}.e-con-inner>.elementor-widget-spacer>.elementor-widget-container>.elementor-spacer>.elementor-spacer-inner,.e-con>.elementor-widget-spacer>.elementor-widget-container>.elementor-spacer>.elementor-spacer-inner{height:var(--container-widget-height,var(--spacer-size))}.e-con-inner>.elementor-widget-spacer.elementor-widget-empty,.e-con>.elementor-widget-spacer.elementor-widget-empty{position:relative;min-height:22px;min-width:22px}.e-con-inner>.elementor-widget-spacer.elementor-widget-empty .elementor-widget-empty-icon,.e-con>.elementor-widget-spacer.elementor-widget-empty .elementor-widget-empty-icon{position:absolute;top:0;bottom:0;left:0;right:0;margin:auto;padding:0;width:22px;height:22px}<\/style>\t\t<div class=\"elementor-spacer\">\n\t\t\t<div class=\"elementor-spacer-inner\"><\/div>\n\t\t<\/div>\n\t\t\t\t<\/div>\n\t\t\t\t<\/div>\n\t\t\t\t\t<\/div>\n\t\t\t\t<\/div>\n\t\t<div class=\"elementor-element elementor-element-1ebc28d9 e-flex e-con-boxed e-con e-parent\" data-id=\"1ebc28d9\" data-element_type=\"container\">\n\t\t\t\t\t<div class=\"e-con-inner\">\n\t\t<div class=\"elementor-element elementor-element-2319ce29 e-con-full e-flex e-con e-child\" data-id=\"2319ce29\" data-element_type=\"container\">\n\t\t\t\t<div class=\"elementor-element elementor-element-777bed45 elementor-widget elementor-widget-heading\" data-id=\"777bed45\" data-element_type=\"widget\" data-widget_type=\"heading.default\">\n\t\t\t\t<div class=\"elementor-widget-container\">\n\t\t\t<h2 class=\"elementor-heading-title elementor-size-default\">Trayectoria<\/h2>\t\t<\/div>\n\t\t\t\t<\/div>\n\t\t\t\t<div class=\"elementor-element elementor-element-2216433e elementor-position-left elementor-vertical-align-middle elementor-widget elementor-widget-image-box\" data-id=\"2216433e\" data-element_type=\"widget\" data-widget_type=\"image-box.default\">\n\t\t\t\t<div class=\"elementor-widget-container\">\n\t\t\t<style>\/*! elementor - v3.23.0 - 15-07-2024 *\/\n.elementor-widget-image-box .elementor-image-box-content{width:100%}@media (min-width:768px){.elementor-widget-image-box.elementor-position-left .elementor-image-box-wrapper,.elementor-widget-image-box.elementor-position-right .elementor-image-box-wrapper{display:flex}.elementor-widget-image-box.elementor-position-right .elementor-image-box-wrapper{text-align:end;flex-direction:row-reverse}.elementor-widget-image-box.elementor-position-left .elementor-image-box-wrapper{text-align:start;flex-direction:row}.elementor-widget-image-box.elementor-position-top .elementor-image-box-img{margin:auto}.elementor-widget-image-box.elementor-vertical-align-top .elementor-image-box-wrapper{align-items:flex-start}.elementor-widget-image-box.elementor-vertical-align-middle .elementor-image-box-wrapper{align-items:center}.elementor-widget-image-box.elementor-vertical-align-bottom .elementor-image-box-wrapper{align-items:flex-end}}@media (max-width:767px){.elementor-widget-image-box .elementor-image-box-img{margin-left:auto!important;margin-right:auto!important;margin-bottom:15px}}.elementor-widget-image-box .elementor-image-box-img{display:inline-block}.elementor-widget-image-box .elementor-image-box-title a{color:inherit}.elementor-widget-image-box .elementor-image-box-wrapper{text-align:center}.elementor-widget-image-box .elementor-image-box-description{margin:0}<\/style><div class=\"elementor-image-box-wrapper\"><figure class=\"elementor-image-box-img\"><img decoding=\"async\" width=\"515\" height=\"515\" src=\"https:\/\/nexo.anayansiserra.com\/wp-content\/uploads\/2024\/07\/nexo-02.png\" class=\"attachment-full size-full wp-image-81\" alt=\"\" srcset=\"https:\/\/nexo.anayansiserra.com\/wp-content\/uploads\/2024\/07\/nexo-02.png 515w, https:\/\/nexo.anayansiserra.com\/wp-content\/uploads\/2024\/07\/nexo-02-300x300.png 300w, https:\/\/nexo.anayansiserra.com\/wp-content\/uploads\/2024\/07\/nexo-02-150x150.png 150w\" sizes=\"(max-width: 515px) 100vw, 515px\" \/><\/figure><div class=\"elementor-image-box-content\"><p class=\"elementor-image-box-description\">Comunicadora Social egresada de la Universidad Rafael Land\u00edvar<\/p><\/div><\/div>\t\t<\/div>\n\t\t\t\t<\/div>\n\t\t\t\t<div class=\"elementor-element elementor-element-2f9f6db4 elementor-position-left elementor-vertical-align-middle elementor-widget elementor-widget-image-box\" data-id=\"2f9f6db4\" data-element_type=\"widget\" data-widget_type=\"image-box.default\">\n\t\t\t\t<div class=\"elementor-widget-container\">\n\t\t\t<div class=\"elementor-image-box-wrapper\"><figure class=\"elementor-image-box-img\"><img decoding=\"async\" width=\"515\" height=\"515\" src=\"https:\/\/nexo.anayansiserra.com\/wp-content\/uploads\/2024\/07\/nexo-02.png\" class=\"attachment-full size-full wp-image-81\" alt=\"\" srcset=\"https:\/\/nexo.anayansiserra.com\/wp-content\/uploads\/2024\/07\/nexo-02.png 515w, https:\/\/nexo.anayansiserra.com\/wp-content\/uploads\/2024\/07\/nexo-02-300x300.png 300w, https:\/\/nexo.anayansiserra.com\/wp-content\/uploads\/2024\/07\/nexo-02-150x150.png 150w\" sizes=\"(max-width: 515px) 100vw, 515px\" \/><\/figure><div class=\"elementor-image-box-content\"><p class=\"elementor-image-box-description\">Life & Business Coach certificada en Energy Leadership\u00ae Life and Business Coaching (360 hrs)<\/p><\/div><\/div>\t\t<\/div>\n\t\t\t\t<\/div>\n\t\t\t\t<div class=\"elementor-element elementor-element-6ed03594 elementor-position-left elementor-vertical-align-middle elementor-widget elementor-widget-image-box\" data-id=\"6ed03594\" data-element_type=\"widget\" data-widget_type=\"image-box.default\">\n\t\t\t\t<div class=\"elementor-widget-container\">\n\t\t\t<div class=\"elementor-image-box-wrapper\"><figure class=\"elementor-image-box-img\"><img decoding=\"async\" width=\"515\" height=\"515\" src=\"https:\/\/nexo.anayansiserra.com\/wp-content\/uploads\/2024\/07\/nexo-02.png\" class=\"attachment-full size-full wp-image-81\" alt=\"\" srcset=\"https:\/\/nexo.anayansiserra.com\/wp-content\/uploads\/2024\/07\/nexo-02.png 515w, https:\/\/nexo.anayansiserra.com\/wp-content\/uploads\/2024\/07\/nexo-02-300x300.png 300w, https:\/\/nexo.anayansiserra.com\/wp-content\/uploads\/2024\/07\/nexo-02-150x150.png 150w\" sizes=\"(max-width: 515px) 100vw, 515px\" \/><\/figure><div class=\"elementor-image-box-content\"><p class=\"elementor-image-box-description\">Experta en LEGO\u00ae SERIOUS PLAY\u00ae <\/p><\/div><\/div>\t\t<\/div>\n\t\t\t\t<\/div>\n\t\t\t\t<div class=\"elementor-element elementor-element-75b8945e elementor-position-left elementor-vertical-align-middle elementor-widget elementor-widget-image-box\" data-id=\"75b8945e\" data-element_type=\"widget\" data-widget_type=\"image-box.default\">\n\t\t\t\t<div class=\"elementor-widget-container\">\n\t\t\t<div class=\"elementor-image-box-wrapper\"><figure class=\"elementor-image-box-img\"><img decoding=\"async\" width=\"515\" height=\"515\" src=\"https:\/\/nexo.anayansiserra.com\/wp-content\/uploads\/2024\/07\/nexo-02.png\" class=\"attachment-full size-full wp-image-81\" alt=\"\" srcset=\"https:\/\/nexo.anayansiserra.com\/wp-content\/uploads\/2024\/07\/nexo-02.png 515w, https:\/\/nexo.anayansiserra.com\/wp-content\/uploads\/2024\/07\/nexo-02-300x300.png 300w, https:\/\/nexo.anayansiserra.com\/wp-content\/uploads\/2024\/07\/nexo-02-150x150.png 150w\" sizes=\"(max-width: 515px) 100vw, 515px\" \/><\/figure><div class=\"elementor-image-box-content\"><p class=\"elementor-image-box-description\">Certificada en Coaching Femenino Empowerment by Coaching\u00ae.<\/p><\/div><\/div>\t\t<\/div>\n\t\t\t\t<\/div>\n\t\t\t\t<div class=\"elementor-element elementor-element-40e7ca9a elementor-position-left elementor-vertical-align-middle elementor-widget elementor-widget-image-box\" data-id=\"40e7ca9a\" data-element_type=\"widget\" data-widget_type=\"image-box.default\">\n\t\t\t\t<div class=\"elementor-widget-container\">\n\t\t\t<div class=\"elementor-image-box-wrapper\"><figure class=\"elementor-image-box-img\"><img decoding=\"async\" width=\"515\" height=\"515\" src=\"https:\/\/nexo.anayansiserra.com\/wp-content\/uploads\/2024\/07\/nexo-02.png\" class=\"attachment-full size-full wp-image-81\" alt=\"\" srcset=\"https:\/\/nexo.anayansiserra.com\/wp-content\/uploads\/2024\/07\/nexo-02.png 515w, https:\/\/nexo.anayansiserra.com\/wp-content\/uploads\/2024\/07\/nexo-02-300x300.png 300w, https:\/\/nexo.anayansiserra.com\/wp-content\/uploads\/2024\/07\/nexo-02-150x150.png 150w\" sizes=\"(max-width: 515px) 100vw, 515px\" \/><\/figure><div class=\"elementor-image-box-content\"><p class=\"elementor-image-box-description\">Experiencia en medios: televisi\u00f3n, medios escritos y plataformas digitales.<\/p><\/div><\/div>\t\t<\/div>\n\t\t\t\t<\/div>\n\t\t\t\t<div class=\"elementor-element elementor-element-e4c271f elementor-position-left elementor-vertical-align-middle elementor-widget elementor-widget-image-box\" data-id=\"e4c271f\" data-element_type=\"widget\" data-widget_type=\"image-box.default\">\n\t\t\t\t<div class=\"elementor-widget-container\">\n\t\t\t<div class=\"elementor-image-box-wrapper\"><figure class=\"elementor-image-box-img\"><img decoding=\"async\" width=\"515\" height=\"515\" src=\"https:\/\/nexo.anayansiserra.com\/wp-content\/uploads\/2024\/07\/nexo-02.png\" class=\"attachment-full size-full wp-image-81\" alt=\"\" srcset=\"https:\/\/nexo.anayansiserra.com\/wp-content\/uploads\/2024\/07\/nexo-02.png 515w, https:\/\/nexo.anayansiserra.com\/wp-content\/uploads\/2024\/07\/nexo-02-300x300.png 300w, https:\/\/nexo.anayansiserra.com\/wp-content\/uploads\/2024\/07\/nexo-02-150x150.png 150w\" sizes=\"(max-width: 515px) 100vw, 515px\" \/><\/figure><div class=\"elementor-image-box-content\"><p class=\"elementor-image-box-description\">Socia en CoachCorp, talleres Discovery y Poder Total<\/p><\/div><\/div>\t\t<\/div>\n\t\t\t\t<\/div>\n\t\t\t\t<div class=\"elementor-element elementor-element-9fd03fb elementor-position-left elementor-vertical-align-middle elementor-widget elementor-widget-image-box\" data-id=\"9fd03fb\" data-element_type=\"widget\" data-widget_type=\"image-box.default\">\n\t\t\t\t<div class=\"elementor-widget-container\">\n\t\t\t<div class=\"elementor-image-box-wrapper\"><figure class=\"elementor-image-box-img\"><img decoding=\"async\" width=\"515\" height=\"515\" src=\"https:\/\/nexo.anayansiserra.com\/wp-content\/uploads\/2024\/07\/nexo-02.png\" class=\"attachment-full size-full wp-image-81\" alt=\"\" srcset=\"https:\/\/nexo.anayansiserra.com\/wp-content\/uploads\/2024\/07\/nexo-02.png 515w, https:\/\/nexo.anayansiserra.com\/wp-content\/uploads\/2024\/07\/nexo-02-300x300.png 300w, https:\/\/nexo.anayansiserra.com\/wp-content\/uploads\/2024\/07\/nexo-02-150x150.png 150w\" sizes=\"(max-width: 515px) 100vw, 515px\" \/><\/figure><div class=\"elementor-image-box-content\"><p class=\"elementor-image-box-description\">Capacitadora y Catedr\u00e1tica con Panamerican Business School en sus programas In Company y Acad\u00e9micos en Comunicaci\u00f3n y Habilidades Gerenciales.<\/p><\/div><\/div>\t\t<\/div>\n\t\t\t\t<\/div>\n\t\t\t\t<div class=\"elementor-element elementor-element-7b86bb7a elementor-position-left elementor-vertical-align-middle elementor-widget elementor-widget-image-box\" data-id=\"7b86bb7a\" data-element_type=\"widget\" data-widget_type=\"image-box.default\">\n\t\t\t\t<div class=\"elementor-widget-container\">\n\t\t\t<div class=\"elementor-image-box-wrapper\"><figure class=\"elementor-image-box-img\"><img decoding=\"async\" width=\"515\" height=\"515\" src=\"https:\/\/nexo.anayansiserra.com\/wp-content\/uploads\/2024\/07\/nexo-02.png\" class=\"attachment-full size-full wp-image-81\" alt=\"\" srcset=\"https:\/\/nexo.anayansiserra.com\/wp-content\/uploads\/2024\/07\/nexo-02.png 515w, https:\/\/nexo.anayansiserra.com\/wp-content\/uploads\/2024\/07\/nexo-02-300x300.png 300w, https:\/\/nexo.anayansiserra.com\/wp-content\/uploads\/2024\/07\/nexo-02-150x150.png 150w\" sizes=\"(max-width: 515px) 100vw, 515px\" \/><\/figure><div class=\"elementor-image-box-content\"><p class=\"elementor-image-box-description\">Capacitadora en Bur\u00f3 Business School-Terapeuta hol\u00edstica informada en trauma.<\/p><\/div><\/div>\t\t<\/div>\n\t\t\t\t<\/div>\n\t\t\t\t<div class=\"elementor-element elementor-element-193c61f2 elementor-position-left elementor-vertical-align-middle elementor-widget elementor-widget-image-box\" data-id=\"193c61f2\" data-element_type=\"widget\" data-widget_type=\"image-box.default\">\n\t\t\t\t<div class=\"elementor-widget-container\">\n\t\t\t<div class=\"elementor-image-box-wrapper\"><figure class=\"elementor-image-box-img\"><img decoding=\"async\" width=\"515\" height=\"515\" src=\"https:\/\/nexo.anayansiserra.com\/wp-content\/uploads\/2024\/07\/nexo-02.png\" class=\"attachment-full size-full wp-image-81\" alt=\"\" srcset=\"https:\/\/nexo.anayansiserra.com\/wp-content\/uploads\/2024\/07\/nexo-02.png 515w, https:\/\/nexo.anayansiserra.com\/wp-content\/uploads\/2024\/07\/nexo-02-300x300.png 300w, https:\/\/nexo.anayansiserra.com\/wp-content\/uploads\/2024\/07\/nexo-02-150x150.png 150w\" sizes=\"(max-width: 515px) 100vw, 515px\" \/><\/figure><div class=\"elementor-image-box-content\"><p class=\"elementor-image-box-description\">Colaboraciones con Menarini, Banco GyT, Fifco Kerns, Abott, entre otros.<\/p><\/div><\/div>\t\t<\/div>\n\t\t\t\t<\/div>\n\t\t\t\t<\/div>\n\t\t<div class=\"elementor-element elementor-element-28831cdf e-con-full e-flex e-con e-child\" data-id=\"28831cdf\" data-element_type=\"container\">\n\t\t\t\t<div class=\"elementor-element elementor-element-754a5d0e elementor-widget elementor-widget-image\" data-id=\"754a5d0e\" data-element_type=\"widget\" data-widget_type=\"image.default\">\n\t\t\t\t<div class=\"elementor-widget-container\">\n\t\t\t\t\t\t\t\t\t\t\t\t\t<img decoding=\"async\" width=\"808\" height=\"976\" src=\"https:\/\/nexo.anayansiserra.com\/wp-content\/uploads\/2024\/07\/F2.png\" class=\"attachment-2048x2048 size-2048x2048 wp-image-82\" alt=\"\" srcset=\"https:\/\/nexo.anayansiserra.com\/wp-content\/uploads\/2024\/07\/F2.png 808w, https:\/\/nexo.anayansiserra.com\/wp-content\/uploads\/2024\/07\/F2-248x300.png 248w, https:\/\/nexo.anayansiserra.com\/wp-content\/uploads\/2024\/07\/F2-768x928.png 768w\" sizes=\"(max-width: 808px) 100vw, 808px\" \/>\t\t\t\t\t\t\t\t\t\t\t\t\t<\/div>\n\t\t\t\t<\/div>\n\t\t\t\t<\/div>\n\t\t\t\t\t<\/div>\n\t\t\t\t<\/div>\n\t\t<div class=\"elementor-element elementor-element-9ca3a83 e-flex e-con-boxed e-con e-parent\" data-id=\"9ca3a83\" data-element_type=\"container\">\n\t\t\t\t\t<div class=\"e-con-inner\">\n\t\t\t\t<div class=\"elementor-element elementor-element-7950bde9 elementor-widget elementor-widget-spacer\" data-id=\"7950bde9\" data-element_type=\"widget\" data-widget_type=\"spacer.default\">\n\t\t\t\t<div class=\"elementor-widget-container\">\n\t\t\t\t\t<div class=\"elementor-spacer\">\n\t\t\t<div class=\"elementor-spacer-inner\"><\/div>\n\t\t<\/div>\n\t\t\t\t<\/div>\n\t\t\t\t<\/div>\n\t\t\t\t\t<\/div>\n\t\t\t\t<\/div>\n\t\t\t\t<\/div>\n\t\t","protected":false},"excerpt":{"rendered":"<p>Anayansi Serra Coach de Vida y Negocios, Terapeuta Hol\u00edstica y Capacitadora de equipos. Mi trayectoria de 20 a\u00f1os en Comunicaci\u00f3n [&hellip;]<\/p>\n","protected":false},"author":1,"featured_media":0,"parent":0,"menu_order":0,"comment_status":"closed","ping_status":"closed","template":"elementor_canvas","meta":{"site-sidebar-layout":"no-sidebar","site-content-layout":"","ast-site-content-layout":"full-width-container","site-content-style":"default","site-sidebar-style":"default","ast-global-header-display":"","ast-banner-title-visibility":"","ast-main-header-display":"","ast-hfb-above-header-display":"","ast-hfb-below-header-display":"","ast-hfb-mobile-header-display":"","site-post-title":"disabled","ast-breadcrumbs-content":"","ast-featured-img":"disabled","footer-sml-layout":"","theme-transparent-header-meta":"","adv-header-id-meta":"","stick-header-meta":"","header-above-stick-meta":"","header-main-stick-meta":"","header-below-stick-meta":"","astra-migrate-meta-layouts":"default","ast-page-background-enabled":"default","ast-page-background-meta":{"desktop":{"background-color":"var(--ast-global-color-4)","background-image":"","background-repeat":"repeat","background-position":"center center","background-size":"auto","background-attachment":"scroll","background-type":"","background-media":"","overlay-type":"","overlay-color":"","overlay-opacity":"","overlay-gradient":""},"tablet":{"background-color":"","background-image":"","background-repeat":"repeat","background-position":"center center","background-size":"auto","background-attachment":"scroll","background-type":"","background-media":"","overlay-type":"","overlay-color":"","overlay-opacity":"","overlay-gradient":""},"mobile":{"background-color":"","background-image":"","background-repeat":"repeat","background-position":"center center","background-size":"auto","background-attachment":"scroll","background-type":"","background-media":"","overlay-type":"","overlay-color":"","overlay-opacity":"","overlay-gradient":""}},"ast-content-background-meta":{"desktop":{"background-color":"var(--ast-global-color-5)","background-image":"","background-repeat":"repeat","background-position":"center center","background-size":"auto","background-attachment":"scroll","background-type":"","background-media":"","overlay-type":"","overlay-color":"","overlay-opacity":"","overlay-gradient":""},"tablet":{"background-color":"var(--ast-global-color-5)","background-image":"","background-repeat":"repeat","background-position":"center center","background-size":"auto","background-attachment":"scroll","background-type":"","background-media":"","overlay-type":"","overlay-color":"","overlay-opacity":"","overlay-gradient":""},"mobile":{"background-color":"var(--ast-global-color-5)","background-image":"","background-repeat":"repeat","background-position":"center center","background-size":"auto","background-attachment":"scroll","background-type":"","background-media":"","overlay-type":"","overlay-color":"","overlay-opacity":"","overlay-gradient":""}},"footnotes":""},"class_list":["post-78","page","type-page","status-publish","hentry"],"_links":{"self":[{"href":"https:\/\/nexo.anayansiserra.com\/index.php\/wp-json\/wp\/v2\/pages\/78","targetHints":{"allow":["GET"]}}],"collection":[{"href":"https:\/\/nexo.anayansiserra.com\/index.php\/wp-json\/wp\/v2\/pages"}],"about":[{"href":"https:\/\/nexo.anayansiserra.com\/index.php\/wp-json\/wp\/v2\/types\/page"}],"author":[{"embeddable":true,"href":"https:\/\/nexo.anayansiserra.com\/index.php\/wp-json\/wp\/v2\/users\/1"}],"replies":[{"embeddable":true,"href":"https:\/\/nexo.anayansiserra.com\/index.php\/wp-json\/wp\/v2\/comments?post=78"}],"version-history":[{"count":4,"href":"https:\/\/nexo.anayansiserra.com\/index.php\/wp-json\/wp\/v2\/pages\/78\/revisions"}],"predecessor-version":[{"id":87,"href":"https:\/\/nexo.anayansiserra.com\/index.php\/wp-json\/wp\/v2\/pages\/78\/revisions\/87"}],"wp:attachment":[{"href":"https:\/\/nexo.anayansiserra.com\/index.php\/wp-json\/wp\/v2\/media?parent=78"}],"curies":[{"name":"wp","href":"https:\/\/api.w.org\/{rel}","templated":true}]}}